{"id":4331,"date":"2015-03-31T10:26:01","date_gmt":"2015-03-31T10:26:01","guid":{"rendered":"https:\/\/boomeranghostelantwerp.be\/fr\/homepage\/"},"modified":"2019-02-08T11:28:57","modified_gmt":"2019-02-08T09:28:57","slug":"accueil","status":"publish","type":"page","link":"https:\/\/boomeranghostelantwerp.be\/fr\/","title":{"rendered":"Accueil"},"content":{"rendered":"","protected":false},"excerpt":{"rendered":"","protected":false},"author":1,"featured_media":0,"parent":0,"menu_order":0,"comment_status":"closed","ping_status":"open","template":"","meta":[],"yoast_head":"<!-- This site is optimized with the Yoast SEO plugin v18.1 - https:\/\/yoast.com\/wordpress\/plugins\/seo\/ -->\n<title>Boomerang Hostel Antwerp - Auberge de jeunesse \u00e0 Anvers<\/title>\n<meta name=\"description\" content=\"A la recherche d&#039;un hotel bon march\u00e9 pour loger \u00e0 Anvers? L&#039;auberge de jeunesse Boomerang est un endroit d\u00e9tendu et confortable, \u00e0 5 minutes du centre-ville\" \/>\n<meta name=\"robots\" content=\"index, follow, max-snippet:-1, max-image-preview:large, max-video-preview:-1\" \/>\n<link rel=\"canonical\" href=\"https:\/\/boomeranghostelantwerp.be\/fr\/\" \/>\n<meta property=\"og:locale\" content=\"fr_FR\" \/>\n<meta property=\"og:type\" content=\"article\" \/>\n<meta property=\"og:title\" content=\"Boomerang Hostel Antwerp - Auberge de jeunesse \u00e0 Anvers\" \/>\n<meta property=\"og:description\" content=\"A la recherche d&#039;un hotel bon march\u00e9 pour loger \u00e0 Anvers? L&#039;auberge de jeunesse Boomerang est un endroit d\u00e9tendu et confortable, \u00e0 5 minutes du centre-ville\" \/>\n<meta property=\"og:url\" content=\"https:\/\/boomeranghostelantwerp.be\/fr\/\" \/>\n<meta property=\"og:site_name\" content=\"Boomerang Antwerp\" \/>\n<meta property=\"article:modified_time\" content=\"2019-02-08T09:28:57+00:00\" \/>\n<meta name=\"twitter:card\" content=\"summary\" \/>\n<script type=\"application\/ld+json\" class=\"yoast-schema-graph\">{\"@context\":\"https:\/\/schema.org\",\"@graph\":[{\"@type\":\"Organization\",\"@id\":\"https:\/\/boomeranghostelantwerp.be\/#organization\",\"name\":\"Boomerang Hostel Antwerp\",\"url\":\"https:\/\/boomeranghostelantwerp.be\/\",\"sameAs\":[],\"logo\":{\"@type\":\"ImageObject\",\"@id\":\"https:\/\/boomeranghostelantwerp.be\/#logo\",\"inLanguage\":\"fr-FR\",\"url\":\"https:\/\/boomeranghostelantwerp.be\/wp-content\/uploads\/2016\/08\/Boomerang_logo-gob.png\",\"contentUrl\":\"https:\/\/boomeranghostelantwerp.be\/wp-content\/uploads\/2016\/08\/Boomerang_logo-gob.png\",\"width\":75,\"height\":103,\"caption\":\"Boomerang Hostel Antwerp\"},\"image\":{\"@id\":\"https:\/\/boomeranghostelantwerp.be\/#logo\"}},{\"@type\":\"WebSite\",\"@id\":\"https:\/\/boomeranghostelantwerp.be\/#website\",\"url\":\"https:\/\/boomeranghostelantwerp.be\/\",\"name\":\"Boomerang Antwerp\",\"description\":\"Youth Hostel Antwerp\",\"publisher\":{\"@id\":\"https:\/\/boomeranghostelantwerp.be\/#organization\"},\"potentialAction\":[{\"@type\":\"SearchAction\",\"target\":{\"@type\":\"EntryPoint\",\"urlTemplate\":\"https:\/\/boomeranghostelantwerp.be\/?s={search_term_string}\"},\"query-input\":\"required name=search_term_string\"}],\"inLanguage\":\"fr-FR\"},{\"@type\":\"WebPage\",\"@id\":\"https:\/\/boomeranghostelantwerp.be\/fr\/#webpage\",\"url\":\"https:\/\/boomeranghostelantwerp.be\/fr\/\",\"name\":\"Boomerang Hostel Antwerp - Auberge de jeunesse \u00e0 Anvers\",\"isPartOf\":{\"@id\":\"https:\/\/boomeranghostelantwerp.be\/#website\"},\"datePublished\":\"2015-03-31T10:26:01+00:00\",\"dateModified\":\"2019-02-08T09:28:57+00:00\",\"description\":\"A la recherche d'un hotel bon march\u00e9 pour loger \u00e0 Anvers? L'auberge de jeunesse Boomerang est un endroit d\u00e9tendu et confortable, \u00e0 5 minutes du centre-ville\",\"breadcrumb\":{\"@id\":\"https:\/\/boomeranghostelantwerp.be\/fr\/#breadcrumb\"},\"inLanguage\":\"fr-FR\",\"potentialAction\":[{\"@type\":\"ReadAction\",\"target\":[\"https:\/\/boomeranghostelantwerp.be\/fr\/\"]}]},{\"@type\":\"BreadcrumbList\",\"@id\":\"https:\/\/boomeranghostelantwerp.be\/fr\/#breadcrumb\",\"itemListElement\":[{\"@type\":\"ListItem\",\"position\":1,\"name\":\"Home\",\"item\":\"https:\/\/boomeranghostelantwerp.be\/fr\/\"},{\"@type\":\"ListItem\",\"position\":2,\"name\":\"Accueil\"}]}]}<\/script>\n<!-- \/ Yoast SEO plugin. -->","yoast_head_json":{"title":"Boomerang Hostel Antwerp - Auberge de jeunesse \u00e0 Anvers","description":"A la recherche d'un hotel bon march\u00e9 pour loger \u00e0 Anvers? L'auberge de jeunesse Boomerang est un endroit d\u00e9tendu et confortable, \u00e0 5 minutes du centre-ville","robots":{"index":"index","follow":"follow","max-snippet":"max-snippet:-1","max-image-preview":"max-image-preview:large","max-video-preview":"max-video-preview:-1"},"canonical":"https:\/\/boomeranghostelantwerp.be\/fr\/","og_locale":"fr_FR","og_type":"article","og_title":"Boomerang Hostel Antwerp - Auberge de jeunesse \u00e0 Anvers","og_description":"A la recherche d'un hotel bon march\u00e9 pour loger \u00e0 Anvers? L'auberge de jeunesse Boomerang est un endroit d\u00e9tendu et confortable, \u00e0 5 minutes du centre-ville","og_url":"https:\/\/boomeranghostelantwerp.be\/fr\/","og_site_name":"Boomerang Antwerp","article_modified_time":"2019-02-08T09:28:57+00:00","twitter_card":"summary","schema":{"@context":"https:\/\/schema.org","@graph":[{"@type":"Organization","@id":"https:\/\/boomeranghostelantwerp.be\/#organization","name":"Boomerang Hostel Antwerp","url":"https:\/\/boomeranghostelantwerp.be\/","sameAs":[],"logo":{"@type":"ImageObject","@id":"https:\/\/boomeranghostelantwerp.be\/#logo","inLanguage":"fr-FR","url":"https:\/\/boomeranghostelantwerp.be\/wp-content\/uploads\/2016\/08\/Boomerang_logo-gob.png","contentUrl":"https:\/\/boomeranghostelantwerp.be\/wp-content\/uploads\/2016\/08\/Boomerang_logo-gob.png","width":75,"height":103,"caption":"Boomerang Hostel Antwerp"},"image":{"@id":"https:\/\/boomeranghostelantwerp.be\/#logo"}},{"@type":"WebSite","@id":"https:\/\/boomeranghostelantwerp.be\/#website","url":"https:\/\/boomeranghostelantwerp.be\/","name":"Boomerang Antwerp","description":"Youth Hostel Antwerp","publisher":{"@id":"https:\/\/boomeranghostelantwerp.be\/#organization"},"potentialAction":[{"@type":"SearchAction","target":{"@type":"EntryPoint","urlTemplate":"https:\/\/boomeranghostelantwerp.be\/?s={search_term_string}"},"query-input":"required name=search_term_string"}],"inLanguage":"fr-FR"},{"@type":"WebPage","@id":"https:\/\/boomeranghostelantwerp.be\/fr\/#webpage","url":"https:\/\/boomeranghostelantwerp.be\/fr\/","name":"Boomerang Hostel Antwerp - Auberge de jeunesse \u00e0 Anvers","isPartOf":{"@id":"https:\/\/boomeranghostelantwerp.be\/#website"},"datePublished":"2015-03-31T10:26:01+00:00","dateModified":"2019-02-08T09:28:57+00:00","description":"A la recherche d'un hotel bon march\u00e9 pour loger \u00e0 Anvers? L'auberge de jeunesse Boomerang est un endroit d\u00e9tendu et confortable, \u00e0 5 minutes du centre-ville","breadcrumb":{"@id":"https:\/\/boomeranghostelantwerp.be\/fr\/#breadcrumb"},"inLanguage":"fr-FR","potentialAction":[{"@type":"ReadAction","target":["https:\/\/boomeranghostelantwerp.be\/fr\/"]}]},{"@type":"BreadcrumbList","@id":"https:\/\/boomeranghostelantwerp.be\/fr\/#breadcrumb","itemListElement":[{"@type":"ListItem","position":1,"name":"Home","item":"https:\/\/boomeranghostelantwerp.be\/fr\/"},{"@type":"ListItem","position":2,"name":"Accueil"}]}]}},"_links":{"self":[{"href":"https:\/\/boomeranghostelantwerp.be\/fr\/wp-json\/wp\/v2\/pages\/4331"}],"collection":[{"href":"https:\/\/boomeranghostelantwerp.be\/fr\/wp-json\/wp\/v2\/pages"}],"about":[{"href":"https:\/\/boomeranghostelantwerp.be\/fr\/wp-json\/wp\/v2\/types\/page"}],"author":[{"embeddable":true,"href":"https:\/\/boomeranghostelantwerp.be\/fr\/wp-json\/wp\/v2\/users\/1"}],"replies":[{"embeddable":true,"href":"https:\/\/boomeranghostelantwerp.be\/fr\/wp-json\/wp\/v2\/comments?post=4331"}],"version-history":[{"count":10,"href":"https:\/\/boomeranghostelantwerp.be\/fr\/wp-json\/wp\/v2\/pages\/4331\/revisions"}],"predecessor-version":[{"id":5110,"href":"https:\/\/boomeranghostelantwerp.be\/fr\/wp-json\/wp\/v2\/pages\/4331\/revisions\/5110"}],"wp:attachment":[{"href":"https:\/\/boomeranghostelantwerp.be\/fr\/wp-json\/wp\/v2\/media?parent=4331"}],"curies":[{"name":"wp","href":"https:\/\/api.w.org\/{rel}","templated":true}]}}